{"id":1066,"date":"2020-11-12T10:11:01","date_gmt":"2020-11-12T11:36:27","guid":{"rendered":"https:\/\/nibbletime.com\/?post_type=product&#038;p=1066"},"modified":"2021-03-17T15:01:46","modified_gmt":"2021-03-17T15:01:46","slug":"schoko-erdnusse-milchschokolade","status":"publish","type":"product","link":"https:\/\/nibbletime.com\/de\/produkt\/schoko-erdnusse-milchschokolade\/","title":{"rendered":"Schoko-Erdn\u00fcsse Milchschokolade"},"content":{"rendered":"","protected":false},"excerpt":{"rendered":"<p>Party Nuts Provinzial in einem knusprigen Teigmantel mit mediterranem Touch<\/p>\n<ul>\n<li>Hergestellt aus 60% Erdn\u00fcssen<\/li>\n<li>Erdn\u00fcsse im knackigen Teigmantel<\/li>\n<li>Gew\u00fcrzt mit herrlichen Kr\u00e4utern der Provence f\u00fcr einen mediterranen Touch<\/li>\n<li>Geeignet f\u00fcr Vegetarier und Veganer<\/li>\n<\/ul>\n<p>[layerslider id=\"22\"] <img decoding=\"async\" loading=\"lazy\" class=\"alignright wp-image-1253 size-full\" src=\"https:\/\/nibbletime.com\/wp-content\/uploads\/2020\/11\/Nutriscore-D-1.png\" alt=\"\" width=\"146\" height=\"82\" srcset=\"https:\/\/nibbletime.com\/wp-content\/uploads\/2020\/11\/Nutriscore-D-1.png 146w, https:\/\/nibbletime.com\/wp-content\/uploads\/2020\/11\/Nutriscore-D-1-24x13.png 24w, https:\/\/nibbletime.com\/wp-content\/uploads\/2020\/11\/Nutriscore-D-1-40x22.png 40w, https:\/\/nibbletime.com\/wp-content\/uploads\/2020\/11\/Nutriscore-D-1-48x27.png 48w\" sizes=\"(max-width: 146px) 100vw, 146px\" \/><\/p>\n","protected":false},"featured_media":1070,"template":"","meta":[],"product_cat":[58],"product_tag":[76],"_links":{"self":[{"href":"https:\/\/nibbletime.com\/de\/wp-json\/wp\/v2\/product\/1066"}],"collection":[{"href":"https:\/\/nibbletime.com\/de\/wp-json\/wp\/v2\/product"}],"about":[{"href":"https:\/\/nibbletime.com\/de\/wp-json\/wp\/v2\/types\/product"}],"wp:featuredmedia":[{"embeddable":true,"href":"https:\/\/nibbletime.com\/de\/wp-json\/wp\/v2\/media\/1070"}],"wp:attachment":[{"href":"https:\/\/nibbletime.com\/de\/wp-json\/wp\/v2\/media?parent=1066"}],"wp:term":[{"taxonomy":"product_cat","embeddable":true,"href":"https:\/\/nibbletime.com\/de\/wp-json\/wp\/v2\/product_cat?post=1066"},{"taxonomy":"product_tag","embeddable":true,"href":"https:\/\/nibbletime.com\/de\/wp-json\/wp\/v2\/product_tag?post=1066"}],"curies":[{"name":"wp","href":"https:\/\/api.w.org\/{rel}","templated":true}]}}