{"id":1282,"date":"2021-02-10T20:27:13","date_gmt":"2021-02-10T20:27:14","guid":{"rendered":"https:\/\/nibbletime.com\/?post_type=product&#038;p=1282"},"modified":"2021-03-02T14:33:22","modified_gmt":"2021-03-02T14:33:22","slug":"caramel-choco-chunks-peanut-butter","status":"publish","type":"product","link":"https:\/\/nibbletime.com\/de\/produkt\/caramel-choco-chunks-peanut-butter\/","title":{"rendered":"Erdnusscreme mit Karamell und Schokost\u00fcckchen"},"content":{"rendered":"","protected":false},"excerpt":{"rendered":"<table width=\"612\">\n<tbody>\n<tr>\n<td width=\"204\">Cremige Erdnusscreme hergestellt aus 72% Erdn\u00fcssen und 20 % sahnigem Karamell mit extra Schokost\u00fcckchen<\/p>\n<ul>\n<li>Leicht salzige Erdnusscreme kombiniert mit sahniger Karamellcreme, erg\u00e4nzt mit leckeren, weichen Schokoladenst\u00fcckchen. Wer die Kombination s\u00fc\u00df-salzig liebt, f\u00fcr den ist diese Creme der Himmel auf Erden.<\/li>\n<li><span style=\"font-family: inherit; font-size: inherit;\">Erdnussbutter \u2013 eine gesunde Quelle an unges\u00e4ttigten Fetten, Eiwei\u00dfen und Ballaststoffen.<\/span><\/li>\n<li><span style=\"font-family: inherit; font-size: inherit;\">Jedes Butterbrot wird zum \u00fcberraschend leckeren s\u00fc\u00df-salzigem Snack. Und jede Keksliebe aus Erdnussbutter, Schoki und Karamell wird zu einer Liebelei.\u00a0\u00a0<\/span><\/li>\n<li><span style=\"font-family: inherit; font-size: inherit;\">Wir verwenden in unserem Produkt Rainforest Alliance zertifizierten Kakao. Auf diese Weise unterst\u00fctzen wir den nachhaltigen Kakaoanbau.<\/span><\/li>\n<\/ul>\n<\/td>\n<\/tr>\n<\/tbody>\n<\/table>\n[layerslider id=\"32\"]\n[gallery columns=\"5\" link=\"none\" ids=\"1318\"]\n<p><img decoding=\"async\" loading=\"lazy\" class=\"alignright wp-image-1253 size-full\" src=\"https:\/\/nibbletime.com\/wp-content\/uploads\/2020\/11\/Nutriscore-D-1.png\" alt=\"\" width=\"146\" height=\"82\" srcset=\"https:\/\/nibbletime.com\/wp-content\/uploads\/2020\/11\/Nutriscore-D-1.png 146w, https:\/\/nibbletime.com\/wp-content\/uploads\/2020\/11\/Nutriscore-D-1-24x13.png 24w, https:\/\/nibbletime.com\/wp-content\/uploads\/2020\/11\/Nutriscore-D-1-40x22.png 40w, https:\/\/nibbletime.com\/wp-content\/uploads\/2020\/11\/Nutriscore-D-1-48x27.png 48w\" sizes=\"(max-width: 146px) 100vw, 146px\" \/><\/p>\n","protected":false},"featured_media":1286,"template":"","meta":[],"product_cat":[57],"product_tag":[76],"_links":{"self":[{"href":"https:\/\/nibbletime.com\/de\/wp-json\/wp\/v2\/product\/1282"}],"collection":[{"href":"https:\/\/nibbletime.com\/de\/wp-json\/wp\/v2\/product"}],"about":[{"href":"https:\/\/nibbletime.com\/de\/wp-json\/wp\/v2\/types\/product"}],"wp:featuredmedia":[{"embeddable":true,"href":"https:\/\/nibbletime.com\/de\/wp-json\/wp\/v2\/media\/1286"}],"wp:attachment":[{"href":"https:\/\/nibbletime.com\/de\/wp-json\/wp\/v2\/media?parent=1282"}],"wp:term":[{"taxonomy":"product_cat","embeddable":true,"href":"https:\/\/nibbletime.com\/de\/wp-json\/wp\/v2\/product_cat?post=1282"},{"taxonomy":"product_tag","embeddable":true,"href":"https:\/\/nibbletime.com\/de\/wp-json\/wp\/v2\/product_tag?post=1282"}],"curies":[{"name":"wp","href":"https:\/\/api.w.org\/{rel}","templated":true}]}}