{"id":1288,"date":"2021-02-10T20:42:35","date_gmt":"2021-02-10T20:42:36","guid":{"rendered":"https:\/\/nibbletime.com\/?post_type=product&#038;p=1288"},"modified":"2021-03-02T13:53:03","modified_gmt":"2021-03-02T13:53:03","slug":"peanut-butter-choco-lentils","status":"publish","type":"product","link":"https:\/\/nibbletime.com\/de\/produkt\/peanut-butter-choco-lentils\/","title":{"rendered":"Erdnusscreme mit Schokoladenlinsen"},"content":{"rendered":"","protected":false},"excerpt":{"rendered":"<p>Knusprige Erdnusscreme hergestellt aus 72% Erdn\u00fcssen und 20 % s\u00fc\u00dfen, bunten Schokolinsen, die in kleinen St\u00fcckchen in die Erdnusscreme gemischt wurden.<\/p>\n<ul>\n<li>Das Zusammenspiel von Schokolade und leicht salziger Erdnusscreme ist einfach unwahrscheinlich lecker.<\/li>\n<li>Es ist schon fast Nostalgie: wer kennt sie nicht die leckeren Schokolinsen von fr\u00fcher.<\/li>\n<li>Jetzt gibt es sie bunt &amp; nat\u00fcrlich in allen 8 Farben und in kleinen St\u00fcckchen in unserer Erdnussbutter.<\/li>\n<li>Es wurden ausschlie\u00dflich Lebensmittelfarben aus Frucht- und Pflanzenkonzentrate verwendet.<\/li>\n<li>Erdnussbutter \u2013 eine gesunde Quelle an unges\u00e4ttigten Fetten, Eiwei\u00dfen und Ballaststoffen.<\/li>\n<li>Jedes Fr\u00fchst\u00fcck wird zum Fest \u2013 mit Erdnussbutter und Konfetti!<\/li>\n<\/ul>\n<p>Wir verwenden in unserem Produkt Rainforest Alliance zertifizierten Kakao. Auf diese Weise unterst\u00fctzen wir den nachhaltigen Kakaoanbau.<\/p>\n[layerslider id=\"31\"]\n[gallery columns=\"5\" link=\"none\" ids=\"1318\"]\n<p><img decoding=\"async\" loading=\"lazy\" class=\"alignright wp-image-1256 size-full\" src=\"https:\/\/nibbletime.com\/wp-content\/uploads\/2020\/11\/Nutriscore-E-1.png\" alt=\"\" width=\"146\" height=\"82\" srcset=\"https:\/\/nibbletime.com\/wp-content\/uploads\/2020\/11\/Nutriscore-E-1.png 146w, https:\/\/nibbletime.com\/wp-content\/uploads\/2020\/11\/Nutriscore-E-1-24x13.png 24w, https:\/\/nibbletime.com\/wp-content\/uploads\/2020\/11\/Nutriscore-E-1-40x22.png 40w, https:\/\/nibbletime.com\/wp-content\/uploads\/2020\/11\/Nutriscore-E-1-48x27.png 48w\" sizes=\"(max-width: 146px) 100vw, 146px\" \/><\/p>\n","protected":false},"featured_media":1292,"template":"","meta":[],"product_cat":[57],"product_tag":[76],"_links":{"self":[{"href":"https:\/\/nibbletime.com\/de\/wp-json\/wp\/v2\/product\/1288"}],"collection":[{"href":"https:\/\/nibbletime.com\/de\/wp-json\/wp\/v2\/product"}],"about":[{"href":"https:\/\/nibbletime.com\/de\/wp-json\/wp\/v2\/types\/product"}],"wp:featuredmedia":[{"embeddable":true,"href":"https:\/\/nibbletime.com\/de\/wp-json\/wp\/v2\/media\/1292"}],"wp:attachment":[{"href":"https:\/\/nibbletime.com\/de\/wp-json\/wp\/v2\/media?parent=1288"}],"wp:term":[{"taxonomy":"product_cat","embeddable":true,"href":"https:\/\/nibbletime.com\/de\/wp-json\/wp\/v2\/product_cat?post=1288"},{"taxonomy":"product_tag","embeddable":true,"href":"https:\/\/nibbletime.com\/de\/wp-json\/wp\/v2\/product_tag?post=1288"}],"curies":[{"name":"wp","href":"https:\/\/api.w.org\/{rel}","templated":true}]}}