{"id":1356,"date":"2021-04-08T20:25:10","date_gmt":"2021-04-08T20:25:10","guid":{"rendered":"https:\/\/nibbletime.com\/?post_type=product&#038;p=1356"},"modified":"2022-10-14T00:59:08","modified_gmt":"2022-10-14T00:59:08","slug":"speculoos-choco-spread","status":"publish","type":"product","link":"https:\/\/nibbletime.com\/de\/produkt\/speculoos-choco-spread\/","title":{"rendered":"Spekulatius Creme mit Kakao"},"content":{"rendered":"","protected":false},"excerpt":{"rendered":"<p><span style=\"font-size: 14pt;\">S\u00fc\u00dfes Duo<\/span> von abwechselnden Streifen aus leicht gl\u00e4nzender Spekulatiuscreme und einer dunklen Schokocreme.<br \/>\nJeden Tag <span style=\"font-size: 14pt;\">Kekse mit Schokolade<\/span> aufs Brot!<\/p>\n<ul>\n<li>Eine homogene Mischung die nicht nur sehr gut zu verstreichen ist, sondern den Fr\u00fchst\u00fccksmorgen vers\u00fc\u00dft.<\/li>\n<li>Der Geschmack der Advents- und Weihnachtszeit mit dem typischen Zimtgeschmack vereint mit dem s\u00fc\u00dfen Schokoladengenuss l\u00e4sst kleine und gro\u00dfe Herzen schneller schlagen.<\/li>\n<\/ul>\n<p>Wir verwenden in unserem Produkt Rainforest Alliance zertifizierten Kakao. Auf diese Weise unterst\u00fctzen wir den nachhaltigen Kakaoanbau.<\/p>\n<p><img decoding=\"async\" loading=\"lazy\" class=\"alignnone wp-image-1320\" src=\"https:\/\/nibbletime.com\/wp-content\/uploads\/2020\/04\/iconen-1x1-kakao-nibbletime-1.jpg\" alt=\"\" width=\"139\" height=\"139\" srcset=\"https:\/\/nibbletime.com\/wp-content\/uploads\/2020\/04\/iconen-1x1-kakao-nibbletime-1.jpg 209w, https:\/\/nibbletime.com\/wp-content\/uploads\/2020\/04\/iconen-1x1-kakao-nibbletime-1-150x150.jpg 150w, https:\/\/nibbletime.com\/wp-content\/uploads\/2020\/04\/iconen-1x1-kakao-nibbletime-1-24x24.jpg 24w, https:\/\/nibbletime.com\/wp-content\/uploads\/2020\/04\/iconen-1x1-kakao-nibbletime-1-40x40.jpg 40w, https:\/\/nibbletime.com\/wp-content\/uploads\/2020\/04\/iconen-1x1-kakao-nibbletime-1-48x48.jpg 48w, https:\/\/nibbletime.com\/wp-content\/uploads\/2020\/04\/iconen-1x1-kakao-nibbletime-1-100x100.jpg 100w\" sizes=\"(max-width: 139px) 100vw, 139px\" \/><br \/>\n<img decoding=\"async\" loading=\"lazy\" class=\"wp-image-1244 size-full alignright\" src=\"https:\/\/nibbletime.com\/wp-content\/uploads\/2020\/11\/Nutriscore-A-1.png\" alt=\"\" width=\"146\" height=\"82\" srcset=\"https:\/\/nibbletime.com\/wp-content\/uploads\/2020\/11\/Nutriscore-A-1.png 146w, https:\/\/nibbletime.com\/wp-content\/uploads\/2020\/11\/Nutriscore-A-1-24x13.png 24w, https:\/\/nibbletime.com\/wp-content\/uploads\/2020\/11\/Nutriscore-A-1-40x22.png 40w, https:\/\/nibbletime.com\/wp-content\/uploads\/2020\/11\/Nutriscore-A-1-48x27.png 48w\" sizes=\"(max-width: 146px) 100vw, 146px\" \/><\/p>\n","protected":false},"featured_media":1792,"template":"","meta":[],"product_cat":[125],"product_tag":[76],"_links":{"self":[{"href":"https:\/\/nibbletime.com\/de\/wp-json\/wp\/v2\/product\/1356"}],"collection":[{"href":"https:\/\/nibbletime.com\/de\/wp-json\/wp\/v2\/product"}],"about":[{"href":"https:\/\/nibbletime.com\/de\/wp-json\/wp\/v2\/types\/product"}],"wp:featuredmedia":[{"embeddable":true,"href":"https:\/\/nibbletime.com\/de\/wp-json\/wp\/v2\/media\/1792"}],"wp:attachment":[{"href":"https:\/\/nibbletime.com\/de\/wp-json\/wp\/v2\/media?parent=1356"}],"wp:term":[{"taxonomy":"product_cat","embeddable":true,"href":"https:\/\/nibbletime.com\/de\/wp-json\/wp\/v2\/product_cat?post=1356"},{"taxonomy":"product_tag","embeddable":true,"href":"https:\/\/nibbletime.com\/de\/wp-json\/wp\/v2\/product_tag?post=1356"}],"curies":[{"name":"wp","href":"https:\/\/api.w.org\/{rel}","templated":true}]}}