{"id":1371,"date":"2021-04-08T20:38:42","date_gmt":"2021-04-08T20:38:43","guid":{"rendered":"https:\/\/nibbletime.com\/?post_type=product&#038;p=1371"},"modified":"2021-04-15T16:43:15","modified_gmt":"2021-04-15T16:43:15","slug":"black-cookie-choco-spread","status":"publish","type":"product","link":"https:\/\/nibbletime.com\/de\/produkt\/black-cookie-choco-spread\/","title":{"rendered":"Black Cookie mit Schoko"},"content":{"rendered":"","protected":false},"excerpt":{"rendered":"<p>S\u00fc\u00dfes <span style=\"font-size: 14pt;\">DUO<\/span> aus einem dunkelbraunen Schokoladenaufstrich und einer herrlichen Kekscreme mit <span style=\"font-size: 14pt;\">REAL Cookie Crumbles.\u00a0<\/span><\/p>\n<ul>\n<li>Abwechselnd Streifen aus dunkelbrauner Haselnuss-Schoko-Creme und dunkelbrauner Keksstreifen. Zweifarbig.<\/li>\n<li>Eine gleichm\u00e4\u00dfige Melange mit kleinen schwarzen Keksst\u00fcckchen.<\/li>\n<li>Sehr leicht zu verstreichen.<\/li>\n<li>Ein nicht allt\u00e4glicher dunkler Schokoladenkeks-Geschmack in einer gro\u00dfartigen Creme angereichert mit einem Hauch von Vanille.<\/li>\n<li>Perfekt zum Bestreichen von Toast, Pfannkuchen und Waffeln.<\/li>\n<\/ul>\n<p>Wir verwenden in unserem Produkt Rainforest Alliance zertifizierten Kakao. Auf diese Weise unterst\u00fctzen wir den nachhaltigen Kakaoanbau.<\/p>\n<p><img decoding=\"async\" loading=\"lazy\" class=\"alignright wp-image-1244 size-full\" src=\"https:\/\/nibbletime.com\/wp-content\/uploads\/2020\/11\/Nutriscore-A-1.png\" alt=\"\" width=\"146\" height=\"82\" srcset=\"https:\/\/nibbletime.com\/wp-content\/uploads\/2020\/11\/Nutriscore-A-1.png 146w, https:\/\/nibbletime.com\/wp-content\/uploads\/2020\/11\/Nutriscore-A-1-24x13.png 24w, https:\/\/nibbletime.com\/wp-content\/uploads\/2020\/11\/Nutriscore-A-1-40x22.png 40w, https:\/\/nibbletime.com\/wp-content\/uploads\/2020\/11\/Nutriscore-A-1-48x27.png 48w\" sizes=\"(max-width: 146px) 100vw, 146px\" \/><\/p>\n","protected":false},"featured_media":1375,"template":"","meta":[],"product_cat":[125],"product_tag":[76],"_links":{"self":[{"href":"https:\/\/nibbletime.com\/de\/wp-json\/wp\/v2\/product\/1371"}],"collection":[{"href":"https:\/\/nibbletime.com\/de\/wp-json\/wp\/v2\/product"}],"about":[{"href":"https:\/\/nibbletime.com\/de\/wp-json\/wp\/v2\/types\/product"}],"wp:featuredmedia":[{"embeddable":true,"href":"https:\/\/nibbletime.com\/de\/wp-json\/wp\/v2\/media\/1375"}],"wp:attachment":[{"href":"https:\/\/nibbletime.com\/de\/wp-json\/wp\/v2\/media?parent=1371"}],"wp:term":[{"taxonomy":"product_cat","embeddable":true,"href":"https:\/\/nibbletime.com\/de\/wp-json\/wp\/v2\/product_cat?post=1371"},{"taxonomy":"product_tag","embeddable":true,"href":"https:\/\/nibbletime.com\/de\/wp-json\/wp\/v2\/product_tag?post=1371"}],"curies":[{"name":"wp","href":"https:\/\/api.w.org\/{rel}","templated":true}]}}