{"id":1407,"date":"2021-04-08T20:59:21","date_gmt":"2021-04-08T20:59:22","guid":{"rendered":"https:\/\/nibbletime.com\/?post_type=product&#038;p=1407"},"modified":"2021-04-14T11:09:07","modified_gmt":"2021-04-14T11:09:07","slug":"weise-schoko-mandelcreme","status":"publish","type":"product","link":"https:\/\/nibbletime.com\/de\/produkt\/weise-schoko-mandelcreme\/","title":{"rendered":"Wei\u00dfe Schoko-Mandelcreme"},"content":{"rendered":"","protected":false},"excerpt":{"rendered":"<p>S\u00fc\u00dfer wei\u00dfer Schoko-Mandel-Aufstrich mit 10% Mandeln.<\/p>\n<ul>\n<li>Leicht gl\u00e4nzende wei\u00dfe Schokoladencreme mit blanchierten Mandeln und hellbraunen, kleinen Mandelsplittern.<\/li>\n<li>Die St\u00fcckchen geben der Creme eine sehr geschmackvolle Struktur, die aber die butterartige Streichf\u00e4higkeit nicht beeintr\u00e4chtigt.<\/li>\n<li>Es ist eine himmlische Mischung.<\/li>\n<li>Sie ist wie wei\u00dfe Schokolade und zergeht auf der Zunge.<\/li>\n<li>Nicht nur als Brotaufstrich geeignet, sondern auch als Dessert, Zutat zum Backen oder f\u00fcr Shakes und Smoothies.<\/li>\n<\/ul>\n<p>Wir verwenden in unserem Produkt Rainforest Alliance zertifizierten Kakao. Auf diese Weise unterst\u00fctzen wir den nachhaltigen Kakaoanbau.<\/p>\n<p><img decoding=\"async\" loading=\"lazy\" class=\"alignright wp-image-1510 size-full\" src=\"https:\/\/nibbletime.com\/wp-content\/uploads\/2021\/04\/Nutriscore-E-rainforest.jpg?_t=1618398422\" alt=\"\" width=\"244\" height=\"82\" srcset=\"https:\/\/nibbletime.com\/wp-content\/uploads\/2021\/04\/Nutriscore-E-rainforest.jpg 244w, https:\/\/nibbletime.com\/wp-content\/uploads\/2021\/04\/Nutriscore-E-rainforest-24x8.jpg 24w, https:\/\/nibbletime.com\/wp-content\/uploads\/2021\/04\/Nutriscore-E-rainforest-40x13.jpg 40w, https:\/\/nibbletime.com\/wp-content\/uploads\/2021\/04\/Nutriscore-E-rainforest-48x16.jpg 48w\" sizes=\"(max-width: 244px) 100vw, 244px\" \/><\/p>\n","protected":false},"featured_media":1411,"template":"","meta":[],"product_cat":[121],"product_tag":[76],"_links":{"self":[{"href":"https:\/\/nibbletime.com\/de\/wp-json\/wp\/v2\/product\/1407"}],"collection":[{"href":"https:\/\/nibbletime.com\/de\/wp-json\/wp\/v2\/product"}],"about":[{"href":"https:\/\/nibbletime.com\/de\/wp-json\/wp\/v2\/types\/product"}],"wp:featuredmedia":[{"embeddable":true,"href":"https:\/\/nibbletime.com\/de\/wp-json\/wp\/v2\/media\/1411"}],"wp:attachment":[{"href":"https:\/\/nibbletime.com\/de\/wp-json\/wp\/v2\/media?parent=1407"}],"wp:term":[{"taxonomy":"product_cat","embeddable":true,"href":"https:\/\/nibbletime.com\/de\/wp-json\/wp\/v2\/product_cat?post=1407"},{"taxonomy":"product_tag","embeddable":true,"href":"https:\/\/nibbletime.com\/de\/wp-json\/wp\/v2\/product_tag?post=1407"}],"curies":[{"name":"wp","href":"https:\/\/api.w.org\/{rel}","templated":true}]}}