{"id":1425,"date":"2021-04-08T21:03:37","date_gmt":"2021-04-08T21:03:37","guid":{"rendered":"https:\/\/nibbletime.com\/?post_type=product&#038;p=1425"},"modified":"2021-04-14T11:20:46","modified_gmt":"2021-04-14T11:20:46","slug":"dunkle-schokoladen-creme","status":"publish","type":"product","link":"https:\/\/nibbletime.com\/de\/produkt\/dunkle-schokoladen-creme\/","title":{"rendered":"Dunkle Schokoladen-Creme"},"content":{"rendered":"","protected":false},"excerpt":{"rendered":"<p>Dunkelbraune Haselnuss-Schokocreme mit 15% Kakao<\/p>\n<ul>\n<li>Intensiv und vollmundig, aber nicht \u00fcberm\u00e4\u00dfig s\u00fc\u00df<\/li>\n<li>Riecht nach Schokolade und hat einen gehaltvollen, schokoladigen Geschmack.<\/li>\n<li>Gleichm\u00e4\u00dfig verarbeitet und leicht zu verstreichen.<\/li>\n<li>Ein echter Schokoladengenuss.<\/li>\n<li>Genie\u00dfen Sie den zarten Schokoladenaufstrich auf einem Croissant, getunkt mit Obst, als Topping auf Desserts oder zum Backen in Ihren Lieblingsrezepten.<\/li>\n<\/ul>\n<p>Wir verwenden in unserem Produkt Rainforest Alliance zertifizierten Kakao. Auf diese Weise unterst\u00fctzen wir den nachhaltigen Kakaoanbau.<\/p>\n<p><img decoding=\"async\" loading=\"lazy\" class=\"alignright wp-image-1510 size-full\" src=\"https:\/\/nibbletime.com\/wp-content\/uploads\/2021\/04\/Nutriscore-E-rainforest.jpg?_t=1618399119\" alt=\"\" width=\"244\" height=\"82\" srcset=\"https:\/\/nibbletime.com\/wp-content\/uploads\/2021\/04\/Nutriscore-E-rainforest.jpg 244w, https:\/\/nibbletime.com\/wp-content\/uploads\/2021\/04\/Nutriscore-E-rainforest-24x8.jpg 24w, https:\/\/nibbletime.com\/wp-content\/uploads\/2021\/04\/Nutriscore-E-rainforest-40x13.jpg 40w, https:\/\/nibbletime.com\/wp-content\/uploads\/2021\/04\/Nutriscore-E-rainforest-48x16.jpg 48w\" sizes=\"(max-width: 244px) 100vw, 244px\" \/><\/p>\n","protected":false},"featured_media":1429,"template":"","meta":[],"product_cat":[121],"product_tag":[76],"_links":{"self":[{"href":"https:\/\/nibbletime.com\/de\/wp-json\/wp\/v2\/product\/1425"}],"collection":[{"href":"https:\/\/nibbletime.com\/de\/wp-json\/wp\/v2\/product"}],"about":[{"href":"https:\/\/nibbletime.com\/de\/wp-json\/wp\/v2\/types\/product"}],"wp:featuredmedia":[{"embeddable":true,"href":"https:\/\/nibbletime.com\/de\/wp-json\/wp\/v2\/media\/1429"}],"wp:attachment":[{"href":"https:\/\/nibbletime.com\/de\/wp-json\/wp\/v2\/media?parent=1425"}],"wp:term":[{"taxonomy":"product_cat","embeddable":true,"href":"https:\/\/nibbletime.com\/de\/wp-json\/wp\/v2\/product_cat?post=1425"},{"taxonomy":"product_tag","embeddable":true,"href":"https:\/\/nibbletime.com\/de\/wp-json\/wp\/v2\/product_tag?post=1425"}],"curies":[{"name":"wp","href":"https:\/\/api.w.org\/{rel}","templated":true}]}}