{"id":1470,"date":"2021-04-08T21:16:16","date_gmt":"2021-04-08T21:16:16","guid":{"rendered":"https:\/\/nibbletime.com\/?post_type=product&#038;p=1470"},"modified":"2022-10-14T00:59:09","modified_gmt":"2022-10-14T00:59:09","slug":"feine-spekulatius-creme","status":"publish","type":"product","link":"https:\/\/nibbletime.com\/de\/produkt\/feine-spekulatius-creme\/","title":{"rendered":"Feine Spekulatius Creme"},"content":{"rendered":"","protected":false},"excerpt":{"rendered":"<p>S\u00fc\u00dfer, sehr feiner Brotbelag aus Spekulatius-Keksen<\/p>\n<ul>\n<li>Eine Spezialit\u00e4t mit ihrem eigenen besonderen Charakter und hergestellt aus den ORIGINAL belgischen Spekulatiuskeksen<\/li>\n<li>Das Geheimnis des unvergleichlichen Geschmacks sind die sorgf\u00e4ltig ausgew\u00e4hlten Zutaten, die besonderen Gew\u00fcrze und der typische Zimtgeschmack<\/li>\n<li>Eine sehr erlesene feine Creme, sehr streichf\u00e4hig nicht nur f\u00fcrs Butterbrot, sondern auch als Topping auf Eis oder Torte<\/li>\n<li>Diese Spekulatiuscreme sorgt f\u00fcr einen besonderen Genuss-Moment<\/li>\n<li>Der Geschmack der Advents- und Weihnachtszeit jetzt aufs Brot<\/li>\n<li>Im wiederverwendbaren 200g Trinkglas<\/li>\n<\/ul>\n<p><img decoding=\"async\" loading=\"lazy\" class=\"size-full wp-image-1256 alignright\" src=\"https:\/\/nibbletime.com\/wp-content\/uploads\/2020\/11\/Nutriscore-E-1.png\" alt=\"\" width=\"146\" height=\"82\" srcset=\"https:\/\/nibbletime.com\/wp-content\/uploads\/2020\/11\/Nutriscore-E-1.png 146w, https:\/\/nibbletime.com\/wp-content\/uploads\/2020\/11\/Nutriscore-E-1-24x13.png 24w, https:\/\/nibbletime.com\/wp-content\/uploads\/2020\/11\/Nutriscore-E-1-40x22.png 40w, https:\/\/nibbletime.com\/wp-content\/uploads\/2020\/11\/Nutriscore-E-1-48x27.png 48w\" sizes=\"(max-width: 146px) 100vw, 146px\" \/><\/p>\n","protected":false},"featured_media":1789,"template":"","meta":[],"product_cat":[128],"product_tag":[76],"_links":{"self":[{"href":"https:\/\/nibbletime.com\/de\/wp-json\/wp\/v2\/product\/1470"}],"collection":[{"href":"https:\/\/nibbletime.com\/de\/wp-json\/wp\/v2\/product"}],"about":[{"href":"https:\/\/nibbletime.com\/de\/wp-json\/wp\/v2\/types\/product"}],"wp:featuredmedia":[{"embeddable":true,"href":"https:\/\/nibbletime.com\/de\/wp-json\/wp\/v2\/media\/1789"}],"wp:attachment":[{"href":"https:\/\/nibbletime.com\/de\/wp-json\/wp\/v2\/media?parent=1470"}],"wp:term":[{"taxonomy":"product_cat","embeddable":true,"href":"https:\/\/nibbletime.com\/de\/wp-json\/wp\/v2\/product_cat?post=1470"},{"taxonomy":"product_tag","embeddable":true,"href":"https:\/\/nibbletime.com\/de\/wp-json\/wp\/v2\/product_tag?post=1470"}],"curies":[{"name":"wp","href":"https:\/\/api.w.org\/{rel}","templated":true}]}}