{"id":1696,"date":"2022-03-29T12:22:46","date_gmt":"2022-03-29T12:22:46","guid":{"rendered":"https:\/\/nibbletime.com\/?post_type=product&#038;p=1696"},"modified":"2022-04-04T12:50:32","modified_gmt":"2022-04-04T12:50:32","slug":"kokos-erdnussbutter-aufstrich","status":"publish","type":"product","link":"https:\/\/nibbletime.com\/de\/produkt\/kokos-erdnussbutter-aufstrich\/","title":{"rendered":"Kokonuss mitt Erdnussbutter"},"content":{"rendered":"","protected":false},"excerpt":{"rendered":"<p>S\u00fc\u00dfes DUO-Creme mit abwechselnden Streifen aus leicht gl\u00e4nzender wei\u00dfer <span style=\"font-size: 14pt;\">Kokosnusscreme<\/span> und <span style=\"font-size: 14pt;\">Erdnussbutter<\/span>.<\/p>\n<ul>\n<li>Eine gleichm\u00e4\u00dfig gemischte Creme mit kleinen St\u00fcckchen Kokosflocken.<\/li>\n<li>Und nat\u00fcrlich sehr leicht zu schmieren.<\/li>\n<li style=\"list-style-type: none;\"><\/li>\n<\/ul>\n<p>&nbsp;<\/p>\n<p><img decoding=\"async\" loading=\"lazy\" class=\"alignright size-full wp-image-1256\" src=\"https:\/\/nibbletime.com\/wp-content\/uploads\/2020\/11\/Nutriscore-E-1.png\" alt=\"\" width=\"146\" height=\"82\" srcset=\"https:\/\/nibbletime.com\/wp-content\/uploads\/2020\/11\/Nutriscore-E-1.png 146w, https:\/\/nibbletime.com\/wp-content\/uploads\/2020\/11\/Nutriscore-E-1-24x13.png 24w, https:\/\/nibbletime.com\/wp-content\/uploads\/2020\/11\/Nutriscore-E-1-40x22.png 40w, https:\/\/nibbletime.com\/wp-content\/uploads\/2020\/11\/Nutriscore-E-1-48x27.png 48w\" sizes=\"(max-width: 146px) 100vw, 146px\" \/><\/p>\n","protected":false},"featured_media":1739,"template":"","meta":[],"product_cat":[125,57],"product_tag":[76],"_links":{"self":[{"href":"https:\/\/nibbletime.com\/de\/wp-json\/wp\/v2\/product\/1696"}],"collection":[{"href":"https:\/\/nibbletime.com\/de\/wp-json\/wp\/v2\/product"}],"about":[{"href":"https:\/\/nibbletime.com\/de\/wp-json\/wp\/v2\/types\/product"}],"wp:featuredmedia":[{"embeddable":true,"href":"https:\/\/nibbletime.com\/de\/wp-json\/wp\/v2\/media\/1739"}],"wp:attachment":[{"href":"https:\/\/nibbletime.com\/de\/wp-json\/wp\/v2\/media?parent=1696"}],"wp:term":[{"taxonomy":"product_cat","embeddable":true,"href":"https:\/\/nibbletime.com\/de\/wp-json\/wp\/v2\/product_cat?post=1696"},{"taxonomy":"product_tag","embeddable":true,"href":"https:\/\/nibbletime.com\/de\/wp-json\/wp\/v2\/product_tag?post=1696"}],"curies":[{"name":"wp","href":"https:\/\/api.w.org\/{rel}","templated":true}]}}