{"id":1702,"date":"2022-03-29T12:30:26","date_gmt":"2022-03-29T12:30:27","guid":{"rendered":"https:\/\/nibbletime.com\/?post_type=product&#038;p=1702"},"modified":"2022-10-14T00:59:09","modified_gmt":"2022-10-14T00:59:09","slug":"spekulatius-creme-mit-erdnussbutter","status":"publish","type":"product","link":"https:\/\/nibbletime.com\/de\/produkt\/spekulatius-creme-mit-erdnussbutter\/","title":{"rendered":"Spekulatius Creme mit Erdnussbutter"},"content":{"rendered":"","protected":false},"excerpt":{"rendered":"<p><span style=\"font-size: 14pt;\">S\u00fc\u00dfes Duo-creme<\/span> mit abwechselnden Streifen aus leicht gl\u00e4nzender Spekulatiuscreme und Erdnussbutter.<\/p>\n<ul>\n<li>Eine homogene Mischung, die sich nicht nur sehr gut verteilen l\u00e4sst, sondern auch das Fr\u00fchst\u00fcck angenehmer macht<\/li>\n<li>Der typische Zimtgeschmack kombiniert mit Erdnussbutter l\u00e4sst kleine und gro\u00dfe Herzen h\u00f6her schlagen.<\/li>\n<li style=\"list-style-type: none;\"><\/li>\n<\/ul>\n<p><img decoding=\"async\" loading=\"lazy\" class=\"alignright size-full wp-image-1256\" src=\"https:\/\/nibbletime.com\/wp-content\/uploads\/2020\/11\/Nutriscore-E-1.png\" alt=\"\" width=\"146\" height=\"82\" srcset=\"https:\/\/nibbletime.com\/wp-content\/uploads\/2020\/11\/Nutriscore-E-1.png 146w, https:\/\/nibbletime.com\/wp-content\/uploads\/2020\/11\/Nutriscore-E-1-24x13.png 24w, https:\/\/nibbletime.com\/wp-content\/uploads\/2020\/11\/Nutriscore-E-1-40x22.png 40w, https:\/\/nibbletime.com\/wp-content\/uploads\/2020\/11\/Nutriscore-E-1-48x27.png 48w\" sizes=\"(max-width: 146px) 100vw, 146px\" \/><\/p>\n","protected":false},"featured_media":1801,"template":"","meta":[],"product_cat":[125,57],"product_tag":[76],"_links":{"self":[{"href":"https:\/\/nibbletime.com\/de\/wp-json\/wp\/v2\/product\/1702"}],"collection":[{"href":"https:\/\/nibbletime.com\/de\/wp-json\/wp\/v2\/product"}],"about":[{"href":"https:\/\/nibbletime.com\/de\/wp-json\/wp\/v2\/types\/product"}],"wp:featuredmedia":[{"embeddable":true,"href":"https:\/\/nibbletime.com\/de\/wp-json\/wp\/v2\/media\/1801"}],"wp:attachment":[{"href":"https:\/\/nibbletime.com\/de\/wp-json\/wp\/v2\/media?parent=1702"}],"wp:term":[{"taxonomy":"product_cat","embeddable":true,"href":"https:\/\/nibbletime.com\/de\/wp-json\/wp\/v2\/product_cat?post=1702"},{"taxonomy":"product_tag","embeddable":true,"href":"https:\/\/nibbletime.com\/de\/wp-json\/wp\/v2\/product_tag?post=1702"}],"curies":[{"name":"wp","href":"https:\/\/api.w.org\/{rel}","templated":true}]}}