{"id":1705,"date":"2022-03-29T12:32:40","date_gmt":"2022-03-29T12:32:40","guid":{"rendered":"https:\/\/nibbletime.com\/?post_type=product&#038;p=1705"},"modified":"2022-04-04T12:07:38","modified_gmt":"2022-04-04T12:07:38","slug":"black-cookie-mit-erdnussbutter","status":"publish","type":"product","link":"https:\/\/nibbletime.com\/de\/produkt\/black-cookie-mit-erdnussbutter\/","title":{"rendered":"Black Cookie mit Erdnussbutter"},"content":{"rendered":"","protected":false},"excerpt":{"rendered":"<p>S\u00fc\u00dfes <span style=\"font-size: 14pt;\">DUO<\/span> ausErdnussbutter und einer leckeren Cookie-Creme mit <span style=\"font-size: 14pt;\">ECHTEN Cookie Crumbles.\u00a0<\/span><\/p>\n<ul>\n<li>Abwechselnd Erdnussbutterstreifen und dunkelbraune Keksstreifen. Zweifarbig<\/li>\n<li>Eine gleichm\u00e4\u00dfige Mischung mit kleinen schwarzen Keksst\u00fcckchen<\/li>\n<li>Sehr einfach zu vermehren<\/li>\n<li>Ein ungew\u00f6hnlicher Geschmack von dunklem Schokoladenkeks in einer gro\u00dfartigen Creme, angereichert mit einem Hauch von Vanille.<\/li>\n<li>Perfekt zum Bestreichen von Toast, Pfannkuchen und Waffeln<\/li>\n<\/ul>\n<p><img decoding=\"async\" loading=\"lazy\" class=\"alignright size-full wp-image-1256\" src=\"https:\/\/nibbletime.com\/wp-content\/uploads\/2020\/11\/Nutriscore-E-1.png\" alt=\"\" width=\"146\" height=\"82\" srcset=\"https:\/\/nibbletime.com\/wp-content\/uploads\/2020\/11\/Nutriscore-E-1.png 146w, https:\/\/nibbletime.com\/wp-content\/uploads\/2020\/11\/Nutriscore-E-1-24x13.png 24w, https:\/\/nibbletime.com\/wp-content\/uploads\/2020\/11\/Nutriscore-E-1-40x22.png 40w, https:\/\/nibbletime.com\/wp-content\/uploads\/2020\/11\/Nutriscore-E-1-48x27.png 48w\" sizes=\"(max-width: 146px) 100vw, 146px\" \/><\/p>\n","protected":false},"featured_media":1727,"template":"","meta":[],"product_cat":[125,57],"product_tag":[76],"_links":{"self":[{"href":"https:\/\/nibbletime.com\/de\/wp-json\/wp\/v2\/product\/1705"}],"collection":[{"href":"https:\/\/nibbletime.com\/de\/wp-json\/wp\/v2\/product"}],"about":[{"href":"https:\/\/nibbletime.com\/de\/wp-json\/wp\/v2\/types\/product"}],"wp:featuredmedia":[{"embeddable":true,"href":"https:\/\/nibbletime.com\/de\/wp-json\/wp\/v2\/media\/1727"}],"wp:attachment":[{"href":"https:\/\/nibbletime.com\/de\/wp-json\/wp\/v2\/media?parent=1705"}],"wp:term":[{"taxonomy":"product_cat","embeddable":true,"href":"https:\/\/nibbletime.com\/de\/wp-json\/wp\/v2\/product_cat?post=1705"},{"taxonomy":"product_tag","embeddable":true,"href":"https:\/\/nibbletime.com\/de\/wp-json\/wp\/v2\/product_tag?post=1705"}],"curies":[{"name":"wp","href":"https:\/\/api.w.org\/{rel}","templated":true}]}}