{"id":1708,"date":"2022-03-29T12:38:17","date_gmt":"2022-03-29T12:38:18","guid":{"rendered":"https:\/\/nibbletime.com\/?post_type=product&#038;p=1708"},"modified":"2022-04-04T12:22:49","modified_gmt":"2022-04-04T12:22:49","slug":"american-cookie-mit-erdnussbutter","status":"publish","type":"product","link":"https:\/\/nibbletime.com\/de\/produkt\/american-cookie-mit-erdnussbutter\/","title":{"rendered":"American Cookie mit Erdnussbutter"},"content":{"rendered":"","protected":false},"excerpt":{"rendered":"<p>S\u00fc\u00dfes <strong>DUO<\/strong> aus Erdnussbutter und einer leckeren Cookie Cream nach amerikanischer Art<\/p>\n<ul>\n<li>Abwechselnd Erdnussbutterstreifen und hellbraune Keksstreifen. Zweifarbig und sehr einfach aufzutragen.<\/li>\n<li>Erleben Sie den Geschmack der k\u00f6stlichen amerikanischen Butterkekse mit Schokost\u00fcckchen in Kombination mit Erdnussbutter, angereichert mit einem Hauch Vanille.<\/li>\n<li>Ein ungew\u00f6hnliches Pl\u00e4tzchenfest. Verteilen Sie diesen k\u00f6stlichen, knusprigen Brotaufstrich und lassen Sie sich diesen Festschmaus auf der Zunge zergehen.<\/li>\n<\/ul>\n<p><img decoding=\"async\" loading=\"lazy\" class=\"alignright size-full wp-image-1256\" src=\"https:\/\/nibbletime.com\/wp-content\/uploads\/2020\/11\/Nutriscore-E-1.png\" alt=\"\" width=\"146\" height=\"82\" srcset=\"https:\/\/nibbletime.com\/wp-content\/uploads\/2020\/11\/Nutriscore-E-1.png 146w, https:\/\/nibbletime.com\/wp-content\/uploads\/2020\/11\/Nutriscore-E-1-24x13.png 24w, https:\/\/nibbletime.com\/wp-content\/uploads\/2020\/11\/Nutriscore-E-1-40x22.png 40w, https:\/\/nibbletime.com\/wp-content\/uploads\/2020\/11\/Nutriscore-E-1-48x27.png 48w\" sizes=\"(max-width: 146px) 100vw, 146px\" \/><\/p>\n","protected":false},"featured_media":1748,"template":"","meta":[],"product_cat":[125,57],"product_tag":[76],"_links":{"self":[{"href":"https:\/\/nibbletime.com\/de\/wp-json\/wp\/v2\/product\/1708"}],"collection":[{"href":"https:\/\/nibbletime.com\/de\/wp-json\/wp\/v2\/product"}],"about":[{"href":"https:\/\/nibbletime.com\/de\/wp-json\/wp\/v2\/types\/product"}],"wp:featuredmedia":[{"embeddable":true,"href":"https:\/\/nibbletime.com\/de\/wp-json\/wp\/v2\/media\/1748"}],"wp:attachment":[{"href":"https:\/\/nibbletime.com\/de\/wp-json\/wp\/v2\/media?parent=1708"}],"wp:term":[{"taxonomy":"product_cat","embeddable":true,"href":"https:\/\/nibbletime.com\/de\/wp-json\/wp\/v2\/product_cat?post=1708"},{"taxonomy":"product_tag","embeddable":true,"href":"https:\/\/nibbletime.com\/de\/wp-json\/wp\/v2\/product_tag?post=1708"}],"curies":[{"name":"wp","href":"https:\/\/api.w.org\/{rel}","templated":true}]}}