{"id":963,"date":"2020-04-16T13:08:50","date_gmt":"2020-04-16T13:08:50","guid":{"rendered":"https:\/\/nibbletime.com\/product\/party-nuts-chill\/"},"modified":"2020-11-12T11:41:11","modified_gmt":"2020-11-12T11:41:11","slug":"party-nuts-chill","status":"publish","type":"product","link":"https:\/\/nibbletime.com\/de\/produkt\/party-nuts-chill\/","title":{"rendered":"Party Nuts Chili"},"content":{"rendered":"","protected":false},"excerpt":{"rendered":"<p>Party N\u00fcsse mit Chili-Geschmack in einer knusprigen H\u00fclle<\/p>\n<ul>\n<li>Hergestellt mit 60% Erdn\u00fcssen<\/li>\n<li>Erdn\u00fcsse in einer knusprigen H\u00fclle<\/li>\n<li>K\u00f6stlich gew\u00fcrzt mit Chili und s\u00fc\u00dfem Paprika<\/li>\n<li>Geeignet f\u00fcr Veganer und Vegetarier<\/li>\n<li>Ohne Konservierungsstoffe, k\u00fcnstliche Aromen und Farbstoffe<\/li>\n<\/ul>\n<p>[layerslider id=\"18\"] <img decoding=\"async\" loading=\"lazy\" class=\"alignright wp-image-1253 size-full\" src=\"https:\/\/nibbletime.com\/wp-content\/uploads\/2020\/11\/Nutriscore-D-1.png\" alt=\"\" width=\"146\" height=\"82\" srcset=\"https:\/\/nibbletime.com\/wp-content\/uploads\/2020\/11\/Nutriscore-D-1.png 146w, https:\/\/nibbletime.com\/wp-content\/uploads\/2020\/11\/Nutriscore-D-1-24x13.png 24w, https:\/\/nibbletime.com\/wp-content\/uploads\/2020\/11\/Nutriscore-D-1-40x22.png 40w, https:\/\/nibbletime.com\/wp-content\/uploads\/2020\/11\/Nutriscore-D-1-48x27.png 48w\" sizes=\"(max-width: 146px) 100vw, 146px\" \/><\/p>\n","protected":false},"featured_media":1024,"template":"","meta":[],"product_cat":[58],"product_tag":[76],"_links":{"self":[{"href":"https:\/\/nibbletime.com\/de\/wp-json\/wp\/v2\/product\/963"}],"collection":[{"href":"https:\/\/nibbletime.com\/de\/wp-json\/wp\/v2\/product"}],"about":[{"href":"https:\/\/nibbletime.com\/de\/wp-json\/wp\/v2\/types\/product"}],"wp:featuredmedia":[{"embeddable":true,"href":"https:\/\/nibbletime.com\/de\/wp-json\/wp\/v2\/media\/1024"}],"wp:attachment":[{"href":"https:\/\/nibbletime.com\/de\/wp-json\/wp\/v2\/media?parent=963"}],"wp:term":[{"taxonomy":"product_cat","embeddable":true,"href":"https:\/\/nibbletime.com\/de\/wp-json\/wp\/v2\/product_cat?post=963"},{"taxonomy":"product_tag","embeddable":true,"href":"https:\/\/nibbletime.com\/de\/wp-json\/wp\/v2\/product_tag?post=963"}],"curies":[{"name":"wp","href":"https:\/\/api.w.org\/{rel}","templated":true}]}}