{"id":969,"date":"2020-02-12T14:15:12","date_gmt":"2020-02-12T14:15:12","guid":{"rendered":"https:\/\/nibbletime.com\/product\/peanut-butter-crunchy\/"},"modified":"2020-11-12T11:46:51","modified_gmt":"2020-11-12T11:46:51","slug":"erdnussbutter-crunchy","status":"publish","type":"product","link":"https:\/\/nibbletime.com\/de\/produkt\/erdnussbutter-crunchy\/","title":{"rendered":"Erdnussbutter Crunchy"},"content":{"rendered":"","protected":false},"excerpt":{"rendered":"<p><b>Erdnusscreme mit Erdnuss-St\u00fcckchen und einer Prise Meersalz<\/b><\/p>\n<ul>\n<li>Hergestellt aus 99.5% High-Oleic Erdn\u00fcssen High-Oleic Erdn\u00fcsse enthalten jede Menge einfach unges\u00e4ttigter Fette und tragen zur Senkung des LDL-Cholesterins (die schlechte Sorte) bei, ohne das HDL-Cholesterin (die gute Sorte) zu unterdr\u00fccken. Wenn das LDL-Cholesterin sinkt, sinkt auch das Risiko f\u00fcr Herzerkrankungen, Herzinfarkt und Schlaganfall.<\/li>\n<li>Quelle f\u00fcr pflanzliches Eiwei\u00df, Vitamine und Mineralien<\/li>\n<li>Geeignet f\u00fcr Veganer und Vegetarier<\/li>\n<li>Knusprig mit gehaltvollem Erdnussgeschmack<\/li>\n<li>Laktosefrei und Glutenfrei<\/li>\n<li>Absolut <b>OHNE<\/b> Palm\u00f6l oder zugesetzter Zucker<\/li>\n<\/ul>\n[layerslider id=\"11\"]\n[gallery columns=\"5\" ids=\"554,539,545,548,551,542\"]\n<p><img decoding=\"async\" loading=\"lazy\" class=\"alignright wp-image-1244 size-full\" src=\"https:\/\/nibbletime.com\/wp-content\/uploads\/2020\/11\/Nutriscore-A-1.png\" alt=\"\" width=\"146\" height=\"82\" srcset=\"https:\/\/nibbletime.com\/wp-content\/uploads\/2020\/11\/Nutriscore-A-1.png 146w, https:\/\/nibbletime.com\/wp-content\/uploads\/2020\/11\/Nutriscore-A-1-24x13.png 24w, https:\/\/nibbletime.com\/wp-content\/uploads\/2020\/11\/Nutriscore-A-1-40x22.png 40w, https:\/\/nibbletime.com\/wp-content\/uploads\/2020\/11\/Nutriscore-A-1-48x27.png 48w\" sizes=\"(max-width: 146px) 100vw, 146px\" \/><\/p>\n","protected":false},"featured_media":87,"template":"","meta":[],"product_cat":[52],"product_tag":[95],"_links":{"self":[{"href":"https:\/\/nibbletime.com\/de\/wp-json\/wp\/v2\/product\/969"}],"collection":[{"href":"https:\/\/nibbletime.com\/de\/wp-json\/wp\/v2\/product"}],"about":[{"href":"https:\/\/nibbletime.com\/de\/wp-json\/wp\/v2\/types\/product"}],"wp:featuredmedia":[{"embeddable":true,"href":"https:\/\/nibbletime.com\/de\/wp-json\/wp\/v2\/media\/87"}],"wp:attachment":[{"href":"https:\/\/nibbletime.com\/de\/wp-json\/wp\/v2\/media?parent=969"}],"wp:term":[{"taxonomy":"product_cat","embeddable":true,"href":"https:\/\/nibbletime.com\/de\/wp-json\/wp\/v2\/product_cat?post=969"},{"taxonomy":"product_tag","embeddable":true,"href":"https:\/\/nibbletime.com\/de\/wp-json\/wp\/v2\/product_tag?post=969"}],"curies":[{"name":"wp","href":"https:\/\/api.w.org\/{rel}","templated":true}]}}