{"id":972,"date":"2020-02-19T10:37:02","date_gmt":"2020-02-19T10:37:02","guid":{"rendered":"https:\/\/nibbletime.com\/product\/almond-butter-with-coconut\/"},"modified":"2020-11-12T11:46:31","modified_gmt":"2020-11-12T11:46:31","slug":"mandelcreme-mit-kokosnuss","status":"publish","type":"product","link":"https:\/\/nibbletime.com\/de\/produkt\/mandelcreme-mit-kokosnuss\/","title":{"rendered":"Mandelcreme mit Kokosnuss"},"content":{"rendered":"","protected":false},"excerpt":{"rendered":"<p><b>Mandelcreme mit Kokosnuss und einem Hauch von Agave<\/b><\/p>\n<ul>\n<li>Hergestellt aus 80.2 % High-Oleic Mandeln High-Oleic Mandeln enthalten jede Menge einfach unges\u00e4ttigter Fette und tragen zur Senkung des LDL-Cholesterins (die schlechte Sorte) bei, ohne das HDL-Cholesterin (die gute Sorte) zu unterdr\u00fccken. Wenn das LDL-Cholesterin sinkt, sinkt auch das Risiko f\u00fcr Herzerkrankungen, Herzinfarkt und Schlaganfall<\/li>\n<li>Angenehmer Mandelgeschmack mit einem leckeren Kokosnuss-Touch, erg\u00e4nzt mit ein wenig Vanille und Salz, f\u00fcr eine perfekte Balance zwischen herzhaft und s\u00fc\u00df<\/li>\n<li>Cremig und ein bisschen s\u00fc\u00df durch Zuf\u00fcgen von Agave<\/li>\n<li>Quelle f\u00fcr pflanzliches Protein, Vitamine und Mineralien<\/li>\n<li>Geeignet f\u00fcr Veganer und Vegetarier<\/li>\n<li>Laktosefrei und Glutenfrei<\/li>\n<li>Absolut kein Palm\u00f6l oder zugesetzter Zucker<\/li>\n<\/ul>\n[layerslider id=\"5\"]\n[gallery size=\"full\" link=\"none\" columns=\"5\" ids=\"554,539,545,548,542,551,557\"]\n<p><img decoding=\"async\" loading=\"lazy\" class=\"alignright wp-image-1250 size-full\" src=\"https:\/\/nibbletime.com\/wp-content\/uploads\/2020\/11\/Nutriscore-C-1.png\" alt=\"\" width=\"146\" height=\"82\" srcset=\"https:\/\/nibbletime.com\/wp-content\/uploads\/2020\/11\/Nutriscore-C-1.png 146w, https:\/\/nibbletime.com\/wp-content\/uploads\/2020\/11\/Nutriscore-C-1-24x13.png 24w, https:\/\/nibbletime.com\/wp-content\/uploads\/2020\/11\/Nutriscore-C-1-40x22.png 40w, https:\/\/nibbletime.com\/wp-content\/uploads\/2020\/11\/Nutriscore-C-1-48x27.png 48w\" sizes=\"(max-width: 146px) 100vw, 146px\" \/><\/p>\n","protected":false},"featured_media":239,"template":"","meta":[],"product_cat":[53],"product_tag":[95],"_links":{"self":[{"href":"https:\/\/nibbletime.com\/de\/wp-json\/wp\/v2\/product\/972"}],"collection":[{"href":"https:\/\/nibbletime.com\/de\/wp-json\/wp\/v2\/product"}],"about":[{"href":"https:\/\/nibbletime.com\/de\/wp-json\/wp\/v2\/types\/product"}],"wp:featuredmedia":[{"embeddable":true,"href":"https:\/\/nibbletime.com\/de\/wp-json\/wp\/v2\/media\/239"}],"wp:attachment":[{"href":"https:\/\/nibbletime.com\/de\/wp-json\/wp\/v2\/media?parent=972"}],"wp:term":[{"taxonomy":"product_cat","embeddable":true,"href":"https:\/\/nibbletime.com\/de\/wp-json\/wp\/v2\/product_cat?post=972"},{"taxonomy":"product_tag","embeddable":true,"href":"https:\/\/nibbletime.com\/de\/wp-json\/wp\/v2\/product_tag?post=972"}],"curies":[{"name":"wp","href":"https:\/\/api.w.org\/{rel}","templated":true}]}}